{"id":4513,"date":"2024-04-25T11:24:04","date_gmt":"2024-04-25T08:24:04","guid":{"rendered":"https:\/\/sarlaajans.com\/?page_id=4513"},"modified":"2024-04-25T11:29:20","modified_gmt":"2024-04-25T08:29:20","slug":"elementor-4513","status":"publish","type":"page","link":"https:\/\/sarlaajans.com\/?page_id=4513","title":{"rendered":"Hakk\u0131m\u0131zda"},"content":{"rendered":"\t\t<div data-elementor-type=\"wp-page\" data-elementor-id=\"4513\" class=\"elementor elementor-4513\">\n\t\t\t\t<div class=\"elementor-element elementor-element-6c72bf2 e-flex e-con-boxed e-con e-parent\" data-id=\"6c72bf2\" data-element_type=\"container\" data-core-v316-plus=\"true\">\n\t\t\t\t\t<div class=\"e-con-inner\">\n\t\t\t\t<div class=\"elementor-element elementor-element-2986623 elementor-widget elementor-widget-heading\" data-id=\"2986623\" data-element_type=\"widget\" data-widget_type=\"heading.default\">\n\t\t\t\t<div class=\"elementor-widget-container\">\n\t\t\t<style>\/*! elementor - v3.20.0 - 26-03-2024 *\/\n.elementor-heading-title{padding:0;margin:0;line-height:1}.elementor-widget-heading .elementor-heading-title[class*=elementor-size-]>a{color:inherit;font-size:inherit;line-height:inherit}.elementor-widget-heading .elementor-heading-title.elementor-size-small{font-size:15px}.elementor-widget-heading .elementor-heading-title.elementor-size-medium{font-size:19px}.elementor-widget-heading .elementor-heading-title.elementor-size-large{font-size:29px}.elementor-widget-heading .elementor-heading-title.elementor-size-xl{font-size:39px}.elementor-widget-heading .elementor-heading-title.elementor-size-xxl{font-size:59px}<\/style><h2 class=\"elementor-heading-title elementor-size-default\">Hakk\u0131m\u0131zda<\/h2>\t\t<\/div>\n\t\t\t\t<\/div>\n\t\t\t\t<div class=\"elementor-element elementor-element-60a6ba7 elementor-widget elementor-widget-text-editor\" data-id=\"60a6ba7\" data-element_type=\"widget\" data-widget_type=\"text-editor.default\">\n\t\t\t\t<div class=\"elementor-widget-container\">\n\t\t\t<style>\/*! elementor - v3.20.0 - 26-03-2024 *\/\n.elementor-widget-text-editor.elementor-drop-cap-view-stacked .elementor-drop-cap{background-color:#69727d;color:#fff}.elementor-widget-text-editor.elementor-drop-cap-view-framed .elementor-drop-cap{color:#69727d;border:3px solid;background-color:transparent}.elementor-widget-text-editor:not(.elementor-drop-cap-view-default) .elementor-drop-cap{margin-top:8px}.elementor-widget-text-editor:not(.elementor-drop-cap-view-default) .elementor-drop-cap-letter{width:1em;height:1em}.elementor-widget-text-editor .elementor-drop-cap{float:left;text-align:center;line-height:1;font-size:50px}.elementor-widget-text-editor .elementor-drop-cap-letter{display:inline-block}<\/style>\t\t\t\t<p><span style=\"text-align: var(--text-align);\">Merhaba! Sarla Ajans olarak profesyonel \u00fcr\u00fcn \u00e7ekimi konusunda uzmanla\u015fm\u0131\u015f bir ajans\u0131z. \u00d6zellikle e-ticaret sekt\u00f6r\u00fcndeki markalar ve i\u015fletmeler i\u00e7in y\u00fcksek kaliteli g\u00f6rsel i\u00e7erikler \u00fcretiyoruz.<\/span><br><\/p>\n<p><strong>Vizyonumuz<\/strong><\/p>\n<p>Vizyonumuz, m\u00fc\u015fterilerimize yenilik\u00e7i ve etkileyici g\u00f6rsel \u00e7\u00f6z\u00fcmler sunarak markalar\u0131n\u0131 g\u00fc\u00e7lendirmelerine yard\u0131mc\u0131 olmakt\u0131r. Sekt\u00f6rdeki geli\u015fmeleri yak\u0131ndan takip ediyor ve en son teknolojileri kullanarak m\u00fc\u015fteri memnuniyetini en \u00fcst d\u00fczeye \u00e7\u0131karmay\u0131 hedefliyoruz.<\/p>\n<p><strong>Misyonumuz<\/strong><\/p>\n<p>Misyonumuz, her m\u00fc\u015fterimizin ihtiya\u00e7lar\u0131na \u00f6zel \u00e7\u00f6z\u00fcmler sunarak onlar\u0131n hikayelerini en iyi \u015fekilde anlatmakt\u0131r. \u00dcr\u00fcnlerini ve markalar\u0131n\u0131 en iyi \u015fekilde temsil edecek g\u00f6rseller yaratmak i\u00e7in yarat\u0131c\u0131 bir yakla\u015f\u0131m benimsiyor ve her a\u015famada m\u00fc\u015fterilerimizin yan\u0131nda olmay\u0131 taahh\u00fct ediyoruz.<\/p>\n<p><br><\/p>\n<p><strong>Neden Bizi Tercih Etmelisiniz?<\/strong><\/p>\n<ol>\n<li>\n<p><strong>Profesyonellik<\/strong>: Deneyimli ve uzman bir ekip olarak, her projeye profesyonel bir yakla\u015f\u0131m sergiliyor ve en y\u00fcksek kalitede sonu\u00e7lar elde etmek i\u00e7in \u00e7abal\u0131yoruz.<\/p>\n<\/li>\n<li>\n<p><strong>Yarat\u0131c\u0131l\u0131k<\/strong>: Yenilik\u00e7i fikirler ve yarat\u0131c\u0131 \u00e7\u00f6z\u00fcmlerle m\u00fc\u015fterilerimizin beklentilerini a\u015fmay\u0131 ama\u00e7l\u0131yoruz.<\/p>\n<\/li>\n<li>\n<p><strong>M\u00fc\u015fteri Memnuniyeti<\/strong>: M\u00fc\u015fterilerimizin memnuniyeti bizim i\u00e7in her zaman \u00f6nceliklidir. Proje s\u00fcrecinin her a\u015famas\u0131nda ileti\u015fim halinde olup, m\u00fc\u015fterilerimizin isteklerini dikkate al\u0131yor ve en iyi sonu\u00e7lar\u0131 elde etmek i\u00e7in \u00e7al\u0131\u015f\u0131yoruz.<\/p>\n<\/li>\n<\/ol>\n<div><br><\/div>\n<p>M\u00fc\u015fterilerimizin ba\u015far\u0131lar\u0131n\u0131 \u00f6nemseyen bir ekibiz. \u0130\u015fbirli\u011fi i\u00e7in sab\u0131rs\u0131zlan\u0131yoruz!&nbsp;<span style=\"text-align: var(--text-align);\">\u0130leti\u015fim kurmak veya projeleriniz hakk\u0131nda daha fazla bilgi almak i\u00e7in bize her zaman ula\u015fabilirsiniz.<\/span><\/p>\n<p>Te\u015fekk\u00fcr ederiz<br><span style=\"text-align: var(--text-align);\">Sarla Ajans Ekibi<\/span><\/p>\t\t\t\t\t\t<\/div>\n\t\t\t\t<\/div>\n\t\t\t\t\t<\/div>\n\t\t\t\t<\/div>\n\t\t\t\t<\/div>\n\t\t","protected":false},"excerpt":{"rendered":"Hakk\u0131m\u0131zda Merhaba! Sarla Ajans olarak profesyonel \u00fcr\u00fcn \u00e7ekimi konusunda uzmanla\u015fm\u0131\u015f bir ajans\u0131z. \u00d6zellikle e-ticaret sekt\u00f6r\u00fcndeki markalar ve i\u015fletmeler i\u00e7in y\u00fcksek kaliteli g\u00f6rsel i\u00e7erikler \u00fcretiyoruz. Vizyonumuz Vizyonumuz, m\u00fc\u015fterilerimize yenilik\u00e7i ve etkileyici g\u00f6rsel \u00e7\u00f6z\u00fcmler sunarak markalar\u0131n\u0131 g\u00fc\u00e7lendirmelerine yard\u0131mc\u0131 olmakt\u0131r. Sekt\u00f6rdeki geli\u015fmeleri yak\u0131ndan takip ediyor ve en son teknolojileri kullanarak m\u00fc\u015fteri memnuniyetini en \u00fcst d\u00fczeye \u00e7\u0131karmay\u0131 hedefliyoruz. Misyonumuz&#8230;","protected":false},"author":1,"featured_media":0,"parent":0,"menu_order":0,"comment_status":"closed","ping_status":"closed","template":"elementor_header_footer","meta":{"footnotes":""},"class_list":["post-4513","page","type-page","status-publish","hentry"],"_links":{"self":[{"href":"https:\/\/sarlaajans.com\/index.php?rest_route=\/wp\/v2\/pages\/4513","targetHints":{"allow":["GET"]}}],"collection":[{"href":"https:\/\/sarlaajans.com\/index.php?rest_route=\/wp\/v2\/pages"}],"about":[{"href":"https:\/\/sarlaajans.com\/index.php?rest_route=\/wp\/v2\/types\/page"}],"author":[{"embeddable":true,"href":"https:\/\/sarlaajans.com\/index.php?rest_route=\/wp\/v2\/users\/1"}],"replies":[{"embeddable":true,"href":"https:\/\/sarlaajans.com\/index.php?rest_route=%2Fwp%2Fv2%2Fcomments&post=4513"}],"version-history":[{"count":19,"href":"https:\/\/sarlaajans.com\/index.php?rest_route=\/wp\/v2\/pages\/4513\/revisions"}],"predecessor-version":[{"id":4533,"href":"https:\/\/sarlaajans.com\/index.php?rest_route=\/wp\/v2\/pages\/4513\/revisions\/4533"}],"wp:attachment":[{"href":"https:\/\/sarlaajans.com\/index.php?rest_route=%2Fwp%2Fv2%2Fmedia&parent=4513"}],"curies":[{"name":"wp","href":"https:\/\/api.w.org\/{rel}","templated":true}]}}